{"id":1337,"date":"2018-07-23T05:32:10","date_gmt":"2018-07-23T03:32:10","guid":{"rendered":"http:\/\/localhost\/vivalavida\/modificacion-de-datos-personales\/"},"modified":"2025-10-05T07:02:17","modified_gmt":"2025-10-05T05:02:17","slug":"modification-des-donnees-personnelles","status":"publish","type":"page","link":"https:\/\/free.pericardium.org\/fr\/modification-des-donnees-personnelles\/","title":{"rendered":"Modification des donn\u00e9es personnelles"},"content":{"rendered":"\r\n<div role=\"form\" class=\"wpcf7\" lang=\"es-ES\" dir=\"ltr\">\r\n <div class=\"screen-reader-response\"><\/div>\r\n  <form id=\"form_validation\" class=\"wpcf7-form\">   \r\n   <p>\r\n\t<label>Nom (obligatoire)<\/label><br \/>\r\n    <input type=\"hidden\" id=\"admin_email\" name=\"admin_email\"  value=\"info@pericardium.org\"\/><br \/>\r\n    <span class=\"wpcf7-form-control-wrap fullname\">\r\n     <input type=\"text\" name=\"fullname\" id=\"fullname\" required value=\"\" size=\"40\" class=\"wpcf7-form-control wpcf7-text wpcf7-validates-as-required\" aria-required=\"true\" aria-invalid=\"false\" \/>\r\n    <\/span>\r\n   <\/p>\r\n   <p>\r\n\t<label>Email (obligatoire)<\/label><br \/>\r\n    <span class=\"wpcf7-form-control-wrap email\">\r\n\t <input type=\"email\" name=\"email\" id=\"email\" required value=\"\" size=\"40\" class=\"wpcf7-form-control wpcf7-text wpcf7-email wpcf7-validates-as-required wpcf7-validates-as-email\" aria-required=\"true\" aria-invalid=\"false\" \/>\r\n\t<\/span> \r\n   <\/p>   \r\n   <p>\r\n\t<label>Message (obligatoire)<\/label><br \/>\r\n    <span class=\"wpcf7-form-control-wrap message\">\r\n\t <textarea name=\"message\" id=\"message\" required cols=\"40\" rows=\"10\" class=\"wpcf7-form-control wpcf7-textarea\" aria-invalid=\"false\"><\/textarea>\r\n\t<\/span> \r\n   <\/p>\r\n   <p>\r\n    <label> Quelle action souhaitez-vous effectuer avec vos donn\u00e9es?<\/label>\r\n   <\/p>\r\n   <p>\r\n    <label>\r\n\t <br \/>\r\n     <input name=\"selectedoption\" type=\"radio\" value=\"Consulta\" checked=\"checked\"\/><br \/>\r\n     Requ\u00eate<br \/>\r\n     <input name=\"selectedoption\" type=\"radio\" value=\"Eliminaci\u00f3n\" \/><br \/>\r\n     \u00c9limination<br \/>\r\n     <input name=\"selectedoption\" type=\"radio\" value=\"Edici\u00f3n\" \/><br \/>\r\n     \u00c9dition\r\n\t<\/label><br \/>\r\n   <\/p>\r\n   <p>\r\n\t<button type=\"button\" class=\"button primary box-shadow-2 box-shadow-5-hover\" onClick=\"upd_with_refresh_for_service('https:\/\/free.pericardium.org\/assets\/add-contact-modify-data.php', '#form_validation', 'Le message n a pas \u00e9t\u00e9 envoy\u00e9. Veuillez r\u00e9p\u00e9ter l op\u00e9ration.', 'Le message a \u00e9t\u00e9 envoy\u00e9. Merci pour nous contacter.', '#fModalloading', '', 'fr'); return false;\">Envoyer<\/button>\r\n   <\/p>\r\n   <div class=\"wpcf7-response-output wpcf7-display-none\"><\/div>\r\n  <\/form>\r\n <\/div>\r\n<\/div>  \r\n\n","protected":false},"excerpt":{"rendered":"","protected":false},"author":2,"featured_media":0,"parent":0,"menu_order":134,"comment_status":"closed","ping_status":"closed","template":"page-blank-title-center.php","meta":{"_bbp_topic_count":0,"_bbp_reply_count":0,"_bbp_total_topic_count":0,"_bbp_total_reply_count":0,"_bbp_voice_count":0,"_bbp_anonymous_reply_count":0,"_bbp_topic_count_hidden":0,"_bbp_reply_count_hidden":0,"_bbp_forum_subforum_count":0,"pmpro_default_level":"","_monsterinsights_skip_tracking":false,"_monsterinsights_sitenote_active":false,"_monsterinsights_sitenote_note":"","_monsterinsights_sitenote_category":0,"_price":"","_stock":"","_tribe_ticket_header":"","_tribe_default_ticket_provider":"","_ticket_start_date":"","_ticket_end_date":"","_tribe_ticket_show_description":"","_tribe_ticket_show_not_going":false,"_tribe_ticket_use_global_stock":"","_tribe_ticket_global_stock_level":"","_global_stock_mode":"","_global_stock_cap":"","_tribe_rsvp_for_event":"","_tribe_ticket_going_count":"","_tribe_ticket_not_going_count":"","_tribe_tickets_list":"[]","_tribe_ticket_has_attendee_info_fields":false,"footnotes":"","_tec_slr_enabled":"","_tec_slr_layout":""},"class_list":["post-1337","page","type-page","status-publish","hentry","pmpro-has-access"],"yoast_head":"<!-- This site is optimized with the Yoast SEO Premium plugin v27.0 (Yoast SEO v27.0) - https:\/\/yoast.com\/product\/yoast-seo-premium-wordpress\/ -->\n<title>Modification des donn\u00e9es personnelles - Pericardium.org<\/title>\n<meta name=\"robots\" content=\"noindex, follow, max-snippet:-1, max-image-preview:large, max-video-preview:-1\" \/>\n<meta property=\"og:locale\" content=\"fr_FR\" \/>\n<meta property=\"og:type\" content=\"article\" \/>\n<meta property=\"og:title\" content=\"Modification des donn\u00e9es personnelles\" \/>\n<meta property=\"og:url\" content=\"https:\/\/free.pericardium.org\/fr\/modification-des-donnees-personnelles\/\" \/>\n<meta property=\"og:site_name\" content=\"Pericardium.org\" \/>\n<meta property=\"article:publisher\" content=\"https:\/\/www.facebook.com\/Viva-la-vida-con-el-Pericardio-Libre-216967818491777\" \/>\n<meta property=\"article:modified_time\" content=\"2025-10-05T05:02:17+00:00\" \/>\n<meta property=\"og:image\" content=\"https:\/\/free.pericardium.org\/wp-content\/uploads\/2019\/12\/MG-coquelicots.jpg\" \/>\n\t<meta property=\"og:image:width\" content=\"720\" \/>\n\t<meta property=\"og:image:height\" content=\"676\" \/>\n\t<meta property=\"og:image:type\" content=\"image\/jpeg\" \/>\n<meta name=\"twitter:card\" content=\"summary_large_image\" \/>\n<script type=\"application\/ld+json\" class=\"yoast-schema-graph\">{\"@context\":\"https:\/\/schema.org\",\"@graph\":[{\"@type\":\"WebPage\",\"@id\":\"https:\/\/free.pericardium.org\/fr\/modification-des-donnees-personnelles\/\",\"url\":\"https:\/\/free.pericardium.org\/fr\/modification-des-donnees-personnelles\/\",\"name\":\"Modification des donn\u00e9es personnelles - Pericardium.org\",\"isPartOf\":{\"@id\":\"https:\/\/free.pericardium.org\/#website\"},\"datePublished\":\"2018-07-23T03:32:10+00:00\",\"dateModified\":\"2025-10-05T05:02:17+00:00\",\"breadcrumb\":{\"@id\":\"https:\/\/free.pericardium.org\/fr\/modification-des-donnees-personnelles\/#breadcrumb\"},\"inLanguage\":\"fr-FR\",\"potentialAction\":[{\"@type\":\"ReadAction\",\"target\":[\"https:\/\/free.pericardium.org\/fr\/modification-des-donnees-personnelles\/\"]}]},{\"@type\":\"BreadcrumbList\",\"@id\":\"https:\/\/free.pericardium.org\/fr\/modification-des-donnees-personnelles\/#breadcrumb\",\"itemListElement\":[{\"@type\":\"ListItem\",\"position\":1,\"name\":\"Home\",\"item\":\"https:\/\/free.pericardium.org\/en\/\"},{\"@type\":\"ListItem\",\"position\":2,\"name\":\"Modification des donn\u00e9es personnelles\"}]},{\"@type\":\"WebSite\",\"@id\":\"https:\/\/free.pericardium.org\/#website\",\"url\":\"https:\/\/free.pericardium.org\/\",\"name\":\"Pericardium.org\",\"description\":\"Lib\u00e9ration du Corps, de l&#039;\u00c2me &amp; de l&#039;Esprit\",\"publisher\":{\"@id\":\"https:\/\/free.pericardium.org\/#organization\"},\"potentialAction\":[{\"@type\":\"SearchAction\",\"target\":{\"@type\":\"EntryPoint\",\"urlTemplate\":\"https:\/\/free.pericardium.org\/?s={search_term_string}\"},\"query-input\":{\"@type\":\"PropertyValueSpecification\",\"valueRequired\":true,\"valueName\":\"search_term_string\"}}],\"inLanguage\":\"fr-FR\"},{\"@type\":\"Organization\",\"@id\":\"https:\/\/free.pericardium.org\/#organization\",\"name\":\"Pericardium.org\",\"url\":\"https:\/\/free.pericardium.org\/\",\"logo\":{\"@type\":\"ImageObject\",\"inLanguage\":\"fr-FR\",\"@id\":\"https:\/\/free.pericardium.org\/#\/schema\/logo\/image\/\",\"url\":\"https:\/\/free.pericardium.org\/wp-content\/uploads\/2019\/12\/LOGO-OBC-GOLD-WEB.png\",\"contentUrl\":\"https:\/\/free.pericardium.org\/wp-content\/uploads\/2019\/12\/LOGO-OBC-GOLD-WEB.png\",\"width\":300,\"height\":300,\"caption\":\"Pericardium.org\"},\"image\":{\"@id\":\"https:\/\/free.pericardium.org\/#\/schema\/logo\/image\/\"},\"sameAs\":[\"https:\/\/www.facebook.com\/Viva-la-vida-con-el-Pericardio-Libre-216967818491777\",\"https:\/\/www.instagram.com\/viva_el_pericardio_libre\/\",\"https:\/\/www.youtube.com\/channel\/UCBsUnq93NYbTMeJHBHp15Ow\"]}]}<\/script>\n<!-- \/ Yoast SEO Premium plugin. -->","yoast_head_json":{"title":"Modification des donn\u00e9es personnelles - Pericardium.org","robots":{"index":"noindex","follow":"follow","max-snippet":"max-snippet:-1","max-image-preview":"max-image-preview:large","max-video-preview":"max-video-preview:-1"},"og_locale":"fr_FR","og_type":"article","og_title":"Modification des donn\u00e9es personnelles","og_url":"https:\/\/free.pericardium.org\/fr\/modification-des-donnees-personnelles\/","og_site_name":"Pericardium.org","article_publisher":"https:\/\/www.facebook.com\/Viva-la-vida-con-el-Pericardio-Libre-216967818491777","article_modified_time":"2025-10-05T05:02:17+00:00","og_image":[{"width":720,"height":676,"url":"https:\/\/free.pericardium.org\/wp-content\/uploads\/2019\/12\/MG-coquelicots.jpg","type":"image\/jpeg"}],"twitter_card":"summary_large_image","schema":{"@context":"https:\/\/schema.org","@graph":[{"@type":"WebPage","@id":"https:\/\/free.pericardium.org\/fr\/modification-des-donnees-personnelles\/","url":"https:\/\/free.pericardium.org\/fr\/modification-des-donnees-personnelles\/","name":"Modification des donn\u00e9es personnelles - Pericardium.org","isPartOf":{"@id":"https:\/\/free.pericardium.org\/#website"},"datePublished":"2018-07-23T03:32:10+00:00","dateModified":"2025-10-05T05:02:17+00:00","breadcrumb":{"@id":"https:\/\/free.pericardium.org\/fr\/modification-des-donnees-personnelles\/#breadcrumb"},"inLanguage":"fr-FR","potentialAction":[{"@type":"ReadAction","target":["https:\/\/free.pericardium.org\/fr\/modification-des-donnees-personnelles\/"]}]},{"@type":"BreadcrumbList","@id":"https:\/\/free.pericardium.org\/fr\/modification-des-donnees-personnelles\/#breadcrumb","itemListElement":[{"@type":"ListItem","position":1,"name":"Home","item":"https:\/\/free.pericardium.org\/en\/"},{"@type":"ListItem","position":2,"name":"Modification des donn\u00e9es personnelles"}]},{"@type":"WebSite","@id":"https:\/\/free.pericardium.org\/#website","url":"https:\/\/free.pericardium.org\/","name":"Pericardium.org","description":"Lib\u00e9ration du Corps, de l&#039;\u00c2me &amp; de l&#039;Esprit","publisher":{"@id":"https:\/\/free.pericardium.org\/#organization"},"potentialAction":[{"@type":"SearchAction","target":{"@type":"EntryPoint","urlTemplate":"https:\/\/free.pericardium.org\/?s={search_term_string}"},"query-input":{"@type":"PropertyValueSpecification","valueRequired":true,"valueName":"search_term_string"}}],"inLanguage":"fr-FR"},{"@type":"Organization","@id":"https:\/\/free.pericardium.org\/#organization","name":"Pericardium.org","url":"https:\/\/free.pericardium.org\/","logo":{"@type":"ImageObject","inLanguage":"fr-FR","@id":"https:\/\/free.pericardium.org\/#\/schema\/logo\/image\/","url":"https:\/\/free.pericardium.org\/wp-content\/uploads\/2019\/12\/LOGO-OBC-GOLD-WEB.png","contentUrl":"https:\/\/free.pericardium.org\/wp-content\/uploads\/2019\/12\/LOGO-OBC-GOLD-WEB.png","width":300,"height":300,"caption":"Pericardium.org"},"image":{"@id":"https:\/\/free.pericardium.org\/#\/schema\/logo\/image\/"},"sameAs":["https:\/\/www.facebook.com\/Viva-la-vida-con-el-Pericardio-Libre-216967818491777","https:\/\/www.instagram.com\/viva_el_pericardio_libre\/","https:\/\/www.youtube.com\/channel\/UCBsUnq93NYbTMeJHBHp15Ow"]}]}},"ticketed":false,"_links":{"self":[{"href":"https:\/\/free.pericardium.org\/fr\/wp-json\/wp\/v2\/pages\/1337","targetHints":{"allow":["GET"]}}],"collection":[{"href":"https:\/\/free.pericardium.org\/fr\/wp-json\/wp\/v2\/pages"}],"about":[{"href":"https:\/\/free.pericardium.org\/fr\/wp-json\/wp\/v2\/types\/page"}],"author":[{"embeddable":true,"href":"https:\/\/free.pericardium.org\/fr\/wp-json\/wp\/v2\/users\/2"}],"replies":[{"embeddable":true,"href":"https:\/\/free.pericardium.org\/fr\/wp-json\/wp\/v2\/comments?post=1337"}],"version-history":[{"count":4,"href":"https:\/\/free.pericardium.org\/fr\/wp-json\/wp\/v2\/pages\/1337\/revisions"}],"predecessor-version":[{"id":119888,"href":"https:\/\/free.pericardium.org\/fr\/wp-json\/wp\/v2\/pages\/1337\/revisions\/119888"}],"wp:attachment":[{"href":"https:\/\/free.pericardium.org\/fr\/wp-json\/wp\/v2\/media?parent=1337"}],"curies":[{"name":"wp","href":"https:\/\/api.w.org\/{rel}","templated":true}]}}