{"id":7383,"date":"2018-10-07T17:58:34","date_gmt":"2018-10-07T15:58:34","guid":{"rendered":"http:\/\/vivalavida.org\/?post_type=product&#038;p=7383"},"modified":"2023-04-27T03:49:19","modified_gmt":"2023-04-27T01:49:19","slug":"le-secret-du-coeur","status":"publish","type":"product","link":"https:\/\/free.pericardium.org\/fr\/article\/le-secret-du-coeur\/","title":{"rendered":"Le Secret du Coeur (Livre + DVD)"},"content":{"rendered":"<p>Le DVD inclut dans le livre Le Secret du Coeur de Montserrat Gascon contient de la musique et des animations originales ainsi qu&#8217;une m\u00e9ditation guid\u00e9e par Montserrat pour pouvoir se lib\u00e9rer le P\u00e9ricarde soi-m\u00eame.<br \/>\nVoici le trailer r\u00e9alis\u00e9 \u00e0 l&#8217;\u00e9poque par <a href=\"http:\/\/vimeo.com\/sinergia\">Sinergia Medios Audiovisuales<\/a>:<\/p>\n<p><iframe loading=\"lazy\" title=\"Trailer: SECRETO DEL CORAZ&amp;Oacute;N\" src=\"https:\/\/player.vimeo.com\/video\/3789555?h=35d566e928&amp;dnt=1&amp;app_id=122963\" width=\"1020\" height=\"574\" frameborder=\"0\" allow=\"autoplay; fullscreen; picture-in-picture\" allowfullscreen><\/iframe><\/p>\n<div class=\"product-short-description\">\n<p>&nbsp;<\/p>\n<\/div>\n<hr \/>\n<p>Et pour les plus int\u00e9ress\u00e9s, sachez que le projet d&#8217;adaptation cin\u00e9matographique du livre est toujours d&#8217;actualit\u00e9 en collaboration avec <a href=\"https:\/\/free.pericardium.org\">Anayawaka Productions<\/a>.<br \/>\nVoici le teaser r\u00e9alis\u00e9 en vue de permettre la r\u00e9alisation de ce merveilleux projet :<\/p>\n<p><iframe loading=\"lazy\" title=\"EL SECRETO DEL CORAZ&amp;Oacute;N (Teaser)\" src=\"https:\/\/player.vimeo.com\/video\/67543712?h=2ebdf67d6d&amp;dnt=1&amp;app_id=122963\" width=\"1020\" height=\"434\" frameborder=\"0\" allow=\"autoplay; fullscreen; picture-in-picture\" allowfullscreen><\/iframe><\/p>\n<p>&nbsp;<\/p>\n","protected":false},"excerpt":{"rendered":"<p>Apr\u00e8s &#8220;<a href=\"https:\/\/free.pericardium.org\/fr\/article\/vive-le-pericarde-libre\/\">Vive le P\u00e9ricarde Libre !<\/a>&#8220;, nous vous invitons \u00e0 d\u00e9couvrir le premier roman de Montserrat Gascon.<br \/>\nAfter &#8220;Vive le P\u00e9ricarde Libre!&#8221;, we invite you to discover the first novel of Montserrat Gascon.<\/p>\n<p>More than a book, this novel is a manual of Life. A handmade editorial jewel with natural paper and a lot of Love.<\/p>\n<p>A limited self-publication with a DVD, the result of a meeting between Montserrat and Spanish journalist Ima Sanchis, around important questions such as :<br \/>\n&#8211; What is &#8220;LIFE&#8221;?<br \/>\n&#8211; How does it work?<br \/>\n&#8211; Who are we really?<br \/>\n&#8211; What have we come to do in this world?<\/p>\n<hr \/>\n","protected":false},"featured_media":41796,"comment_status":"open","ping_status":"closed","template":"","meta":{"_bbp_topic_count":0,"_bbp_reply_count":0,"_bbp_total_topic_count":0,"_bbp_total_reply_count":0,"_bbp_voice_count":0,"_bbp_anonymous_reply_count":0,"_bbp_topic_count_hidden":0,"_bbp_reply_count_hidden":0,"_bbp_forum_subforum_count":0,"pmpro_default_level":"","_monsterinsights_skip_tracking":false,"_monsterinsights_sitenote_active":false,"_monsterinsights_sitenote_note":"","_monsterinsights_sitenote_category":0,"_price":"80","_stock":null,"_tribe_ticket_header":"","_tribe_default_ticket_provider":"","_ticket_start_date":"","_ticket_end_date":"","_tribe_ticket_show_description":"","_tribe_ticket_show_not_going":false,"_tribe_ticket_use_global_stock":"","_tribe_ticket_global_stock_level":"","_global_stock_mode":"","_global_stock_cap":"","_tribe_rsvp_for_event":"","_tribe_ticket_going_count":"","_tribe_ticket_not_going_count":"","_tribe_tickets_list":"[]","_tribe_ticket_has_attendee_info_fields":false,"_tec_slr_enabled":"","_tec_slr_layout":""},"product_brand":[],"product_cat":[212,211],"product_tag":[],"class_list":{"0":"post-7383","1":"product","2":"type-product","3":"status-publish","4":"has-post-thumbnail","6":"product_cat-dvds-fr","7":"product_cat-livres","8":"pmpro-has-access","10":"first","11":"instock","12":"featured","13":"taxable","14":"shipping-taxable","15":"purchasable","16":"product-type-variable"},"yoast_head":"<!-- This site is optimized with the Yoast SEO Premium plugin v27.0 (Yoast SEO v27.0) - https:\/\/yoast.com\/product\/yoast-seo-premium-wordpress\/ -->\n<title>Livre &quot;Le Secret du Coeur&quot; de Montserrat Gasc\u00f3n sur Pericardium.org<\/title>\n<meta name=\"description\" content=\"Plus qu\u2019un livre, ce 1er roman sign\u00e9 Montserrat Gascon) est un manuel de Vie. Un joyau \u00e9ditorial fait \u00e0 la main avec du papier naturel et beaucoup d\u2019Amour..\" \/>\n<meta name=\"robots\" content=\"noindex, follow, max-snippet:-1, max-image-preview:large, max-video-preview:-1\" \/>\n<meta property=\"og:locale\" content=\"fr_FR\" \/>\n<meta property=\"og:type\" content=\"article\" \/>\n<meta property=\"og:title\" content=\"Le Secret du Coeur (Livre + DVD)\" \/>\n<meta property=\"og:description\" content=\"Apr\u00e8s &quot;Vive le P\u00e9ricarde Libre !&quot;, nous vous invitons \u00e0 d\u00e9couvrir le premier roman de Montserrat Gascon. After &quot;Vive le P\u00e9ricarde Libre!&quot;, we invite you to discover the first novel of Montserrat Gascon.  More than a book, this novel is a manual of Life. A handmade editorial jewel with natural paper and a lot of Love.  A limited self-publication with a DVD, the result of a meeting between Montserrat and Spanish journalist Ima Sanchis, around important questions such as : - What is &quot;LIFE&quot;? - How does it work? - Who are we really? - What have we come to do in this world?\" \/>\n<meta property=\"og:url\" content=\"https:\/\/free.pericardium.org\/fr\/article\/le-secret-du-coeur\/\" \/>\n<meta property=\"og:site_name\" content=\"Pericardium.org\" \/>\n<meta property=\"article:publisher\" content=\"https:\/\/www.facebook.com\/Viva-la-vida-con-el-Pericardio-Libre-216967818491777\" \/>\n<meta property=\"article:modified_time\" content=\"2023-04-27T01:49:19+00:00\" \/>\n<meta property=\"og:image\" content=\"https:\/\/free.pericardium.org\/wp-content\/uploads\/2018\/10\/ESDC_duo.webp\" \/>\n\t<meta property=\"og:image:width\" content=\"700\" \/>\n\t<meta property=\"og:image:height\" content=\"394\" \/>\n\t<meta property=\"og:image:type\" content=\"image\/webp\" \/>\n<meta name=\"twitter:card\" content=\"summary_large_image\" \/>\n<meta name=\"twitter:label1\" content=\"Dur\u00e9e de lecture estim\u00e9e\" \/>\n\t<meta name=\"twitter:data1\" content=\"1 minute\" \/>\n<script type=\"application\/ld+json\" class=\"yoast-schema-graph\">{\"@context\":\"https:\/\/schema.org\",\"@graph\":[{\"@type\":\"WebPage\",\"@id\":\"https:\/\/free.pericardium.org\/fr\/article\/le-secret-du-coeur\/\",\"url\":\"https:\/\/free.pericardium.org\/fr\/article\/le-secret-du-coeur\/\",\"name\":\"Livre \\\"Le Secret du Coeur\\\" de Montserrat Gasc\u00f3n sur Pericardium.org\",\"isPartOf\":{\"@id\":\"https:\/\/free.pericardium.org\/#website\"},\"primaryImageOfPage\":{\"@id\":\"https:\/\/free.pericardium.org\/fr\/article\/le-secret-du-coeur\/#primaryimage\"},\"image\":{\"@id\":\"https:\/\/free.pericardium.org\/fr\/article\/le-secret-du-coeur\/#primaryimage\"},\"thumbnailUrl\":\"https:\/\/free.pericardium.org\/wp-content\/uploads\/2018\/10\/ESDC_duo.webp\",\"datePublished\":\"2018-10-07T15:58:34+00:00\",\"dateModified\":\"2023-04-27T01:49:19+00:00\",\"description\":\"Plus qu\u2019un livre, ce 1er roman sign\u00e9 Montserrat Gascon) est un manuel de Vie. Un joyau \u00e9ditorial fait \u00e0 la main avec du papier naturel et beaucoup d\u2019Amour..\",\"breadcrumb\":{\"@id\":\"https:\/\/free.pericardium.org\/fr\/article\/le-secret-du-coeur\/#breadcrumb\"},\"inLanguage\":\"fr-FR\",\"potentialAction\":[{\"@type\":\"ReadAction\",\"target\":[\"https:\/\/free.pericardium.org\/fr\/article\/le-secret-du-coeur\/\"]}]},{\"@type\":\"ImageObject\",\"inLanguage\":\"fr-FR\",\"@id\":\"https:\/\/free.pericardium.org\/fr\/article\/le-secret-du-coeur\/#primaryimage\",\"url\":\"https:\/\/free.pericardium.org\/wp-content\/uploads\/2018\/10\/ESDC_duo.webp\",\"contentUrl\":\"https:\/\/free.pericardium.org\/wp-content\/uploads\/2018\/10\/ESDC_duo.webp\",\"width\":700,\"height\":394,\"caption\":\"bouton pour acheter le livre Le Secret du Coeur de Montserrat Gasc\u00f3n\"},{\"@type\":\"BreadcrumbList\",\"@id\":\"https:\/\/free.pericardium.org\/fr\/article\/le-secret-du-coeur\/#breadcrumb\",\"itemListElement\":[{\"@type\":\"ListItem\",\"position\":1,\"name\":\"Home\",\"item\":\"https:\/\/free.pericardium.org\/en\/\"},{\"@type\":\"ListItem\",\"position\":2,\"name\":\"Boutique\",\"item\":\"https:\/\/free.pericardium.org\/fr\/boutique\/\"},{\"@type\":\"ListItem\",\"position\":3,\"name\":\"Le Secret du Coeur (Livre + DVD)\"}]},{\"@type\":\"WebSite\",\"@id\":\"https:\/\/free.pericardium.org\/#website\",\"url\":\"https:\/\/free.pericardium.org\/\",\"name\":\"Pericardium.org\",\"description\":\"Lib\u00e9ration du Corps, de l&#039;\u00c2me &amp; de l&#039;Esprit\",\"publisher\":{\"@id\":\"https:\/\/free.pericardium.org\/#organization\"},\"potentialAction\":[{\"@type\":\"SearchAction\",\"target\":{\"@type\":\"EntryPoint\",\"urlTemplate\":\"https:\/\/free.pericardium.org\/?s={search_term_string}\"},\"query-input\":{\"@type\":\"PropertyValueSpecification\",\"valueRequired\":true,\"valueName\":\"search_term_string\"}}],\"inLanguage\":\"fr-FR\"},{\"@type\":\"Organization\",\"@id\":\"https:\/\/free.pericardium.org\/#organization\",\"name\":\"Pericardium.org\",\"url\":\"https:\/\/free.pericardium.org\/\",\"logo\":{\"@type\":\"ImageObject\",\"inLanguage\":\"fr-FR\",\"@id\":\"https:\/\/free.pericardium.org\/#\/schema\/logo\/image\/\",\"url\":\"https:\/\/free.pericardium.org\/wp-content\/uploads\/2019\/12\/LOGO-OBC-GOLD-WEB.png\",\"contentUrl\":\"https:\/\/free.pericardium.org\/wp-content\/uploads\/2019\/12\/LOGO-OBC-GOLD-WEB.png\",\"width\":300,\"height\":300,\"caption\":\"Pericardium.org\"},\"image\":{\"@id\":\"https:\/\/free.pericardium.org\/#\/schema\/logo\/image\/\"},\"sameAs\":[\"https:\/\/www.facebook.com\/Viva-la-vida-con-el-Pericardio-Libre-216967818491777\",\"https:\/\/www.instagram.com\/viva_el_pericardio_libre\/\",\"https:\/\/www.youtube.com\/channel\/UCBsUnq93NYbTMeJHBHp15Ow\"]}]}<\/script>\n<!-- \/ Yoast SEO Premium plugin. -->","yoast_head_json":{"title":"Livre \"Le Secret du Coeur\" de Montserrat Gasc\u00f3n sur Pericardium.org","description":"Plus qu\u2019un livre, ce 1er roman sign\u00e9 Montserrat Gascon) est un manuel de Vie. Un joyau \u00e9ditorial fait \u00e0 la main avec du papier naturel et beaucoup d\u2019Amour..","robots":{"index":"noindex","follow":"follow","max-snippet":"max-snippet:-1","max-image-preview":"max-image-preview:large","max-video-preview":"max-video-preview:-1"},"og_locale":"fr_FR","og_type":"article","og_title":"Le Secret du Coeur (Livre + DVD)","og_description":"Apr\u00e8s \"Vive le P\u00e9ricarde Libre !\", nous vous invitons \u00e0 d\u00e9couvrir le premier roman de Montserrat Gascon. After \"Vive le P\u00e9ricarde Libre!\", we invite you to discover the first novel of Montserrat Gascon.  More than a book, this novel is a manual of Life. A handmade editorial jewel with natural paper and a lot of Love.  A limited self-publication with a DVD, the result of a meeting between Montserrat and Spanish journalist Ima Sanchis, around important questions such as : - What is \"LIFE\"? - How does it work? - Who are we really? - What have we come to do in this world?","og_url":"https:\/\/free.pericardium.org\/fr\/article\/le-secret-du-coeur\/","og_site_name":"Pericardium.org","article_publisher":"https:\/\/www.facebook.com\/Viva-la-vida-con-el-Pericardio-Libre-216967818491777","article_modified_time":"2023-04-27T01:49:19+00:00","og_image":[{"width":700,"height":394,"url":"https:\/\/free.pericardium.org\/wp-content\/uploads\/2018\/10\/ESDC_duo.webp","type":"image\/webp"}],"twitter_card":"summary_large_image","twitter_misc":{"Dur\u00e9e de lecture estim\u00e9e":"1 minute"},"schema":{"@context":"https:\/\/schema.org","@graph":[{"@type":"WebPage","@id":"https:\/\/free.pericardium.org\/fr\/article\/le-secret-du-coeur\/","url":"https:\/\/free.pericardium.org\/fr\/article\/le-secret-du-coeur\/","name":"Livre \"Le Secret du Coeur\" de Montserrat Gasc\u00f3n sur Pericardium.org","isPartOf":{"@id":"https:\/\/free.pericardium.org\/#website"},"primaryImageOfPage":{"@id":"https:\/\/free.pericardium.org\/fr\/article\/le-secret-du-coeur\/#primaryimage"},"image":{"@id":"https:\/\/free.pericardium.org\/fr\/article\/le-secret-du-coeur\/#primaryimage"},"thumbnailUrl":"https:\/\/free.pericardium.org\/wp-content\/uploads\/2018\/10\/ESDC_duo.webp","datePublished":"2018-10-07T15:58:34+00:00","dateModified":"2023-04-27T01:49:19+00:00","description":"Plus qu\u2019un livre, ce 1er roman sign\u00e9 Montserrat Gascon) est un manuel de Vie. Un joyau \u00e9ditorial fait \u00e0 la main avec du papier naturel et beaucoup d\u2019Amour..","breadcrumb":{"@id":"https:\/\/free.pericardium.org\/fr\/article\/le-secret-du-coeur\/#breadcrumb"},"inLanguage":"fr-FR","potentialAction":[{"@type":"ReadAction","target":["https:\/\/free.pericardium.org\/fr\/article\/le-secret-du-coeur\/"]}]},{"@type":"ImageObject","inLanguage":"fr-FR","@id":"https:\/\/free.pericardium.org\/fr\/article\/le-secret-du-coeur\/#primaryimage","url":"https:\/\/free.pericardium.org\/wp-content\/uploads\/2018\/10\/ESDC_duo.webp","contentUrl":"https:\/\/free.pericardium.org\/wp-content\/uploads\/2018\/10\/ESDC_duo.webp","width":700,"height":394,"caption":"bouton pour acheter le livre Le Secret du Coeur de Montserrat Gasc\u00f3n"},{"@type":"BreadcrumbList","@id":"https:\/\/free.pericardium.org\/fr\/article\/le-secret-du-coeur\/#breadcrumb","itemListElement":[{"@type":"ListItem","position":1,"name":"Home","item":"https:\/\/free.pericardium.org\/en\/"},{"@type":"ListItem","position":2,"name":"Boutique","item":"https:\/\/free.pericardium.org\/fr\/boutique\/"},{"@type":"ListItem","position":3,"name":"Le Secret du Coeur (Livre + DVD)"}]},{"@type":"WebSite","@id":"https:\/\/free.pericardium.org\/#website","url":"https:\/\/free.pericardium.org\/","name":"Pericardium.org","description":"Lib\u00e9ration du Corps, de l&#039;\u00c2me &amp; de l&#039;Esprit","publisher":{"@id":"https:\/\/free.pericardium.org\/#organization"},"potentialAction":[{"@type":"SearchAction","target":{"@type":"EntryPoint","urlTemplate":"https:\/\/free.pericardium.org\/?s={search_term_string}"},"query-input":{"@type":"PropertyValueSpecification","valueRequired":true,"valueName":"search_term_string"}}],"inLanguage":"fr-FR"},{"@type":"Organization","@id":"https:\/\/free.pericardium.org\/#organization","name":"Pericardium.org","url":"https:\/\/free.pericardium.org\/","logo":{"@type":"ImageObject","inLanguage":"fr-FR","@id":"https:\/\/free.pericardium.org\/#\/schema\/logo\/image\/","url":"https:\/\/free.pericardium.org\/wp-content\/uploads\/2019\/12\/LOGO-OBC-GOLD-WEB.png","contentUrl":"https:\/\/free.pericardium.org\/wp-content\/uploads\/2019\/12\/LOGO-OBC-GOLD-WEB.png","width":300,"height":300,"caption":"Pericardium.org"},"image":{"@id":"https:\/\/free.pericardium.org\/#\/schema\/logo\/image\/"},"sameAs":["https:\/\/www.facebook.com\/Viva-la-vida-con-el-Pericardio-Libre-216967818491777","https:\/\/www.instagram.com\/viva_el_pericardio_libre\/","https:\/\/www.youtube.com\/channel\/UCBsUnq93NYbTMeJHBHp15Ow"]}]}},"_links":{"self":[{"href":"https:\/\/free.pericardium.org\/fr\/wp-json\/wp\/v2\/product\/7383","targetHints":{"allow":["GET"]}}],"collection":[{"href":"https:\/\/free.pericardium.org\/fr\/wp-json\/wp\/v2\/product"}],"about":[{"href":"https:\/\/free.pericardium.org\/fr\/wp-json\/wp\/v2\/types\/product"}],"replies":[{"embeddable":true,"href":"https:\/\/free.pericardium.org\/fr\/wp-json\/wp\/v2\/comments?post=7383"}],"wp:featuredmedia":[{"embeddable":true,"href":"https:\/\/free.pericardium.org\/fr\/wp-json\/wp\/v2\/media\/41796"}],"wp:attachment":[{"href":"https:\/\/free.pericardium.org\/fr\/wp-json\/wp\/v2\/media?parent=7383"}],"wp:term":[{"taxonomy":"product_brand","embeddable":true,"href":"https:\/\/free.pericardium.org\/fr\/wp-json\/wp\/v2\/product_brand?post=7383"},{"taxonomy":"product_cat","embeddable":true,"href":"https:\/\/free.pericardium.org\/fr\/wp-json\/wp\/v2\/product_cat?post=7383"},{"taxonomy":"product_tag","embeddable":true,"href":"https:\/\/free.pericardium.org\/fr\/wp-json\/wp\/v2\/product_tag?post=7383"}],"curies":[{"name":"wp","href":"https:\/\/api.w.org\/{rel}","templated":true}]}}